{"id":542,"date":"2016-07-05T09:56:31","date_gmt":"2016-07-05T09:56:31","guid":{"rendered":"http:\/\/bergfried-com.huberwebmedia.at\/it\/?page_id=542"},"modified":"2016-07-05T09:56:31","modified_gmt":"2016-07-05T09:56:31","slug":"famiglie","status":"publish","type":"page","link":"https:\/\/bergfried.com\/it\/famiglie\/","title":{"rendered":"Famiglie"},"content":{"rendered":"<div id='full_slider_1'  class='avia-fullwidth-slider main_color avia-shadow   avia-builder-el-0  el_before_av_one_full  avia-builder-el-first   container_wrap fullsize'  ><div  class='avia-slideshow av-av_slideshow_full-7c89eef234b705e7a4d2de62d66c7ebb avia-slideshow-no scaling av_slideshow_full avia-slide-slider av-slideshow-ui av-control-default av-slideshow-manual av-loop-once av-loop-manual-endless av-default-height-applied   avia-slideshow-1' data-slideshow-options=\"{&quot;animation&quot;:&quot;slide&quot;,&quot;autoplay&quot;:false,&quot;loop_autoplay&quot;:&quot;once&quot;,&quot;interval&quot;:5,&quot;loop_manual&quot;:&quot;manual-endless&quot;,&quot;autoplay_stopper&quot;:false,&quot;noNavigation&quot;:false,&quot;bg_slider&quot;:false,&quot;keep_padding&quot;:false,&quot;hoverpause&quot;:false,&quot;show_slide_delay&quot;:0}\"  itemprop=\"image\" itemscope=\"itemscope\" itemtype=\"https:\/\/schema.org\/ImageObject\" ><ul class='avia-slideshow-inner ' style='padding-bottom: 42%;'><li  class='avia-slideshow-slide av-av_slideshow_full-7c89eef234b705e7a4d2de62d66c7ebb__0  slide-1 slide-odd'><div data-rel='slideshow-1' class='avia-slide-wrap '   ><img decoding=\"async\" fetchpriority=\"high\" class=\"wp-image-1055 avia-img-lazy-loading-not-1055\"  src=\"https:\/\/bergfried.com\/wp-content\/uploads\/2016\/07\/fam-header-01.jpg\" width=\"1500\" height=\"630\" title='Hotel Bergfried - Sommer' alt=''  itemprop=\"thumbnailUrl\" srcset=\"https:\/\/bergfried.com\/wp-content\/uploads\/2016\/07\/fam-header-01.jpg 1500w, https:\/\/bergfried.com\/wp-content\/uploads\/2016\/07\/fam-header-01-300x126.jpg 300w, https:\/\/bergfried.com\/wp-content\/uploads\/2016\/07\/fam-header-01-768x323.jpg 768w, https:\/\/bergfried.com\/wp-content\/uploads\/2016\/07\/fam-header-01-1030x433.jpg 1030w, https:\/\/bergfried.com\/wp-content\/uploads\/2016\/07\/fam-header-01-705x296.jpg 705w, https:\/\/bergfried.com\/wp-content\/uploads\/2016\/07\/fam-header-01-450x189.jpg 450w\" sizes=\"(max-width: 1500px) 100vw, 1500px\" \/><\/div><\/li><li  class='avia-slideshow-slide av-av_slideshow_full-7c89eef234b705e7a4d2de62d66c7ebb__1  slide-2 slide-even'><div data-rel='slideshow-1' class='avia-slide-wrap '   ><img decoding=\"async\" fetchpriority=\"high\" class=\"wp-image-1073 avia-img-lazy-loading-not-1073\"  src=\"https:\/\/bergfried.com\/wp-content\/uploads\/2016\/07\/fam.jpg\" width=\"1500\" height=\"630\" title='Hotel Bergfried - Familienurlaub' alt=''  itemprop=\"thumbnailUrl\" srcset=\"https:\/\/bergfried.com\/wp-content\/uploads\/2016\/07\/fam.jpg 1500w, https:\/\/bergfried.com\/wp-content\/uploads\/2016\/07\/fam-300x126.jpg 300w, https:\/\/bergfried.com\/wp-content\/uploads\/2016\/07\/fam-768x323.jpg 768w, https:\/\/bergfried.com\/wp-content\/uploads\/2016\/07\/fam-1030x433.jpg 1030w, https:\/\/bergfried.com\/wp-content\/uploads\/2016\/07\/fam-705x296.jpg 705w, https:\/\/bergfried.com\/wp-content\/uploads\/2016\/07\/fam-450x189.jpg 450w\" sizes=\"(max-width: 1500px) 100vw, 1500px\" \/><\/div><\/li><li  class='avia-slideshow-slide av-av_slideshow_full-7c89eef234b705e7a4d2de62d66c7ebb__2  slide-3 slide-odd'><div data-rel='slideshow-1' class='avia-slide-wrap '   ><img decoding=\"async\" fetchpriority=\"high\" class=\"wp-image-1051 avia-img-lazy-loading-not-1051\"  src=\"https:\/\/bergfried.com\/wp-content\/uploads\/2016\/07\/fam-header-02.jpg\" width=\"1500\" height=\"630\" title='Hotel Bergfried - Sommer' alt=''  itemprop=\"thumbnailUrl\" srcset=\"https:\/\/bergfried.com\/wp-content\/uploads\/2016\/07\/fam-header-02.jpg 1500w, https:\/\/bergfried.com\/wp-content\/uploads\/2016\/07\/fam-header-02-300x126.jpg 300w, https:\/\/bergfried.com\/wp-content\/uploads\/2016\/07\/fam-header-02-768x323.jpg 768w, https:\/\/bergfried.com\/wp-content\/uploads\/2016\/07\/fam-header-02-1030x433.jpg 1030w, https:\/\/bergfried.com\/wp-content\/uploads\/2016\/07\/fam-header-02-705x296.jpg 705w, https:\/\/bergfried.com\/wp-content\/uploads\/2016\/07\/fam-header-02-450x189.jpg 450w\" sizes=\"(max-width: 1500px) 100vw, 1500px\" \/><\/div><\/li><li  class='avia-slideshow-slide av-av_slideshow_full-7c89eef234b705e7a4d2de62d66c7ebb__3  slide-4 slide-even'><div data-rel='slideshow-1' class='avia-slide-wrap '   ><img decoding=\"async\" fetchpriority=\"high\" class=\"wp-image-1053 avia-img-lazy-loading-not-1053\"  src=\"https:\/\/bergfried.com\/wp-content\/uploads\/2016\/07\/fam-header-03.jpg\" width=\"1500\" height=\"630\" title='Hotel Bergfried - Sommer' alt=''  itemprop=\"thumbnailUrl\" srcset=\"https:\/\/bergfried.com\/wp-content\/uploads\/2016\/07\/fam-header-03.jpg 1500w, https:\/\/bergfried.com\/wp-content\/uploads\/2016\/07\/fam-header-03-300x126.jpg 300w, https:\/\/bergfried.com\/wp-content\/uploads\/2016\/07\/fam-header-03-768x323.jpg 768w, https:\/\/bergfried.com\/wp-content\/uploads\/2016\/07\/fam-header-03-1030x433.jpg 1030w, https:\/\/bergfried.com\/wp-content\/uploads\/2016\/07\/fam-header-03-705x296.jpg 705w, https:\/\/bergfried.com\/wp-content\/uploads\/2016\/07\/fam-header-03-450x189.jpg 450w\" sizes=\"(max-width: 1500px) 100vw, 1500px\" \/><\/div><\/li><\/ul><div class='avia-slideshow-arrows avia-slideshow-controls' ><a href='#prev' class='prev-slide ' aria-hidden='true' data-av_icon='\ue87c' data-av_iconfont='entypo-fontello'  tabindex='-1'>Prec<\/a><a href='#next' class='next-slide ' aria-hidden='true' data-av_icon='\ue87d' data-av_iconfont='entypo-fontello'  tabindex='-1'>Succ<\/a><\/div><div class='avia-slideshow-dots avia-slideshow-controls'><a href='#1' class='goto-slide active' >1<\/a><a href='#2' class='goto-slide ' >2<\/a><a href='#3' class='goto-slide ' >3<\/a><a href='#4' class='goto-slide ' >4<\/a><\/div><\/div><\/div><div id='after_full_slider_1'  class='main_color av_default_container_wrap container_wrap fullsize'  ><div class='container av-section-cont-open' ><div class='template-page content  av-content-full alpha units'><div class='post-entry post-entry-type-page post-entry-542'><div class='entry-content-wrapper clearfix'>\n\n<style type=\"text\/css\" data-created_by=\"avia_inline_auto\" id=\"style-css-av-av_one_full-6126cab7d8fab8d08143dd2dacdf673c\">\n.flex_column.av-av_one_full-6126cab7d8fab8d08143dd2dacdf673c{\nborder-radius:0px 0px 0px 0px;\npadding:0px 0px 0px 0px;\n}\n<\/style>\n<div  class='flex_column av-av_one_full-6126cab7d8fab8d08143dd2dacdf673c av_one_full  avia-builder-el-1  el_after_av_slideshow_full  avia-builder-el-no-sibling  first flex_column_div av-zero-column-padding  '     ><section  class='av_textblock_section av-av_textblock-0366cc7376be6c9e82a3e9cc8987b64f '   itemscope=\"itemscope\" itemtype=\"https:\/\/schema.org\/CreativeWork\" ><div class='avia_textblock'  itemprop=\"text\" ><h1>Da noi, tutta la famiglia \u00e8 benvenuta!<\/h1>\n<p>Il nostro hotel e l\u2019ambiente circostante sono ideali sia per escursioni in estate che per le attivit\u00e0 invernali. La nostra missione \u00e8 quella di rendere il soggiorno a Galt\u00fcr il pi\u00f9 piacevole e rilassante possibile &#8211; e, naturalmente, per tutta la famiglia.<\/p>\n<p><em>Prenota ora la tua vacanza al Bergfried!<\/em><\/p>\n<\/div><\/section><\/div>\n","protected":false},"excerpt":{"rendered":"","protected":false},"author":2,"featured_media":0,"parent":0,"menu_order":4,"comment_status":"closed","ping_status":"closed","template":"","meta":{"footnotes":""},"class_list":["post-542","page","type-page","status-publish","hentry"],"yoast_head":"<!-- This site is optimized with the Yoast SEO plugin v22.8 - https:\/\/yoast.com\/wordpress\/plugins\/seo\/ -->\n<title>Famiglie - Bergfried<\/title>\n<meta name=\"robots\" content=\"index, follow, max-snippet:-1, max-image-preview:large, max-video-preview:-1\" \/>\n<link rel=\"canonical\" href=\"https:\/\/bergfried.com\/it\/famiglie\/\" \/>\n<meta property=\"og:locale\" content=\"it_IT\" \/>\n<meta property=\"og:type\" content=\"article\" \/>\n<meta property=\"og:title\" content=\"Famiglie - Bergfried\" \/>\n<meta property=\"og:url\" content=\"https:\/\/bergfried.com\/it\/famiglie\/\" \/>\n<meta property=\"og:site_name\" content=\"Bergfried\" \/>\n<meta name=\"twitter:card\" content=\"summary_large_image\" \/>\n<meta name=\"twitter:label1\" content=\"Tempo di lettura stimato\" \/>\n\t<meta name=\"twitter:data1\" content=\"2 minuti\" \/>\n<script type=\"application\/ld+json\" class=\"yoast-schema-graph\">{\"@context\":\"https:\/\/schema.org\",\"@graph\":[{\"@type\":\"WebPage\",\"@id\":\"https:\/\/bergfried.com\/it\/famiglie\/\",\"url\":\"https:\/\/bergfried.com\/it\/famiglie\/\",\"name\":\"Famiglie - Bergfried\",\"isPartOf\":{\"@id\":\"https:\/\/bergfried.com\/#website\"},\"datePublished\":\"2016-07-05T09:56:31+00:00\",\"dateModified\":\"2016-07-05T09:56:31+00:00\",\"breadcrumb\":{\"@id\":\"https:\/\/bergfried.com\/it\/famiglie\/#breadcrumb\"},\"inLanguage\":\"it-IT\",\"potentialAction\":[{\"@type\":\"ReadAction\",\"target\":[\"https:\/\/bergfried.com\/it\/famiglie\/\"]}]},{\"@type\":\"BreadcrumbList\",\"@id\":\"https:\/\/bergfried.com\/it\/famiglie\/#breadcrumb\",\"itemListElement\":[{\"@type\":\"ListItem\",\"position\":1,\"name\":\"Startseite\",\"item\":\"https:\/\/bergfried.com\/it\/hotel-bergfried\/\"},{\"@type\":\"ListItem\",\"position\":2,\"name\":\"Famiglie\"}]},{\"@type\":\"WebSite\",\"@id\":\"https:\/\/bergfried.com\/#website\",\"url\":\"https:\/\/bergfried.com\/\",\"name\":\"Bergfried\",\"description\":\"Hotel Bergfried Galt\u00fcr\",\"potentialAction\":[{\"@type\":\"SearchAction\",\"target\":{\"@type\":\"EntryPoint\",\"urlTemplate\":\"https:\/\/bergfried.com\/?s={search_term_string}\"},\"query-input\":\"required name=search_term_string\"}],\"inLanguage\":\"it-IT\"}]}<\/script>\n<!-- \/ Yoast SEO plugin. -->","yoast_head_json":{"title":"Famiglie - Bergfried","robots":{"index":"index","follow":"follow","max-snippet":"max-snippet:-1","max-image-preview":"max-image-preview:large","max-video-preview":"max-video-preview:-1"},"canonical":"https:\/\/bergfried.com\/it\/famiglie\/","og_locale":"it_IT","og_type":"article","og_title":"Famiglie - Bergfried","og_url":"https:\/\/bergfried.com\/it\/famiglie\/","og_site_name":"Bergfried","twitter_card":"summary_large_image","twitter_misc":{"Tempo di lettura stimato":"2 minuti"},"schema":{"@context":"https:\/\/schema.org","@graph":[{"@type":"WebPage","@id":"https:\/\/bergfried.com\/it\/famiglie\/","url":"https:\/\/bergfried.com\/it\/famiglie\/","name":"Famiglie - Bergfried","isPartOf":{"@id":"https:\/\/bergfried.com\/#website"},"datePublished":"2016-07-05T09:56:31+00:00","dateModified":"2016-07-05T09:56:31+00:00","breadcrumb":{"@id":"https:\/\/bergfried.com\/it\/famiglie\/#breadcrumb"},"inLanguage":"it-IT","potentialAction":[{"@type":"ReadAction","target":["https:\/\/bergfried.com\/it\/famiglie\/"]}]},{"@type":"BreadcrumbList","@id":"https:\/\/bergfried.com\/it\/famiglie\/#breadcrumb","itemListElement":[{"@type":"ListItem","position":1,"name":"Startseite","item":"https:\/\/bergfried.com\/it\/hotel-bergfried\/"},{"@type":"ListItem","position":2,"name":"Famiglie"}]},{"@type":"WebSite","@id":"https:\/\/bergfried.com\/#website","url":"https:\/\/bergfried.com\/","name":"Bergfried","description":"Hotel Bergfried Galt\u00fcr","potentialAction":[{"@type":"SearchAction","target":{"@type":"EntryPoint","urlTemplate":"https:\/\/bergfried.com\/?s={search_term_string}"},"query-input":"required name=search_term_string"}],"inLanguage":"it-IT"}]}},"_links":{"self":[{"href":"https:\/\/bergfried.com\/it\/wp-json\/wp\/v2\/pages\/542","targetHints":{"allow":["GET"]}}],"collection":[{"href":"https:\/\/bergfried.com\/it\/wp-json\/wp\/v2\/pages"}],"about":[{"href":"https:\/\/bergfried.com\/it\/wp-json\/wp\/v2\/types\/page"}],"author":[{"embeddable":true,"href":"https:\/\/bergfried.com\/it\/wp-json\/wp\/v2\/users\/2"}],"replies":[{"embeddable":true,"href":"https:\/\/bergfried.com\/it\/wp-json\/wp\/v2\/comments?post=542"}],"version-history":[{"count":0,"href":"https:\/\/bergfried.com\/it\/wp-json\/wp\/v2\/pages\/542\/revisions"}],"wp:attachment":[{"href":"https:\/\/bergfried.com\/it\/wp-json\/wp\/v2\/media?parent=542"}],"curies":[{"name":"wp","href":"https:\/\/api.w.org\/{rel}","templated":true}]}}